{"id":20954,"date":"2024-04-02T10:38:23","date_gmt":"2024-04-02T10:38:23","guid":{"rendered":"https:\/\/www.rman-sync.com\/white-papers\/"},"modified":"2026-02-06T11:31:24","modified_gmt":"2026-02-06T11:31:24","slug":"white-papers","status":"publish","type":"page","link":"https:\/\/www.rman-sync.com\/en\/white-papers\/","title":{"rendered":"white paper"},"content":{"rendered":"<p>[et_pb_section fb_built=&#8221;1&#8243; disabled_on=&#8221;off|off|off&#8221; admin_label=&#8221;Section header&#8221; module_id=&#8221;hero-article&#8221; module_class=&#8221;hero-bracket hero-bracket-white&#8221; _builder_version=&#8221;4.27.5&#8243; _module_preset=&#8221;default&#8221; background_enable_color=&#8221;off&#8221; use_background_color_gradient=&#8221;on&#8221; background_color_gradient_stops=&#8221;#0d1f31 0%|#050508 100%&#8221; positioning=&#8221;none&#8221; min_height=&#8221;400px&#8221; min_height_tablet=&#8221;350px&#8221; min_height_phone=&#8221;350px&#8221; min_height_last_edited=&#8221;on|desktop&#8221; height_tablet=&#8221;&#8221; height_phone=&#8221;&#8221; height_last_edited=&#8221;on|desktop&#8221; overflow-x=&#8221;hidden&#8221; overflow-y=&#8221;hidden&#8221; custom_margin=&#8221;0px|0px|0px|0px|false|true&#8221; custom_padding=&#8221;0px|0px|0px|0px|false|true&#8221; hover_enabled=&#8221;0&#8243; custom_css_main_element=&#8221;z-index: -999;&#8221; custom_css_after=&#8221;||&#8221; custom_css_free_form=&#8221;.halos::before {||  top: -20%;||  left: 75%;||  \/*top: calc(50% &#8211; 250px);||  left: calc(50% + 15%);*\/||}||.et_parallax_bg {||  background-position: 95% 8% !important;||  background-size: 25%;||  background-repeat: no-repeat;||}||||.et_parallax_bg {||  background-position: 95% 8% !important;||  background-size: 25%;||  background-repeat: no-repeat;||}||@media (max-width: 980px) {||  .hero-bracket::after {||    bottom: -25px;||    background-size: 100% 50%;||  }||  .halos::before {||  top: 0;||  left: 75%;||  }||||  #section-hero .et_parallax_bg {||  background-position: 100% 18% !important;||  background-size: 40% ;||  background-repeat: no-repeat;||}||||}&#8221; border_color_bottom=&#8221;RGBA(255,255,255,0)&#8221; locked=&#8221;off&#8221; collapsed=&#8221;off&#8221; global_colors_info=&#8221;{}&#8221; sticky_enabled=&#8221;0&#8243; background_enable_image=&#8221;off&#8221;][et_pb_row disabled_on=&#8221;off|off|off&#8221; admin_label=&#8221;Ligne header&#8221; module_class=&#8221;white&#8221; _builder_version=&#8221;4.27.4&#8243; _module_preset=&#8221;default&#8221; background_enable_image=&#8221;off&#8221; positioning=&#8221;none&#8221; custom_padding=&#8221;||||false|false&#8221; collapsed=&#8221;off&#8221; global_colors_info=&#8221;{}&#8221;][et_pb_column type=&#8221;4_4&#8243; module_class=&#8221;halos halo-anim halo-1&#8243; _builder_version=&#8221;4.27.4&#8243; _module_preset=&#8221;default&#8221; background_color=&#8221;RGBA(255,255,255,0)&#8221; background_enable_image=&#8221;off&#8221; background_size=&#8221;contain&#8221; custom_padding=&#8221;||||false|false&#8221; global_colors_info=&#8221;{}&#8221;][et_pb_text admin_label=&#8221;Ressources&#8221; _builder_version=&#8221;4.27.4&#8243; _module_preset=&#8221;default&#8221; header_6_text_color=&#8221;#F79145&#8243; global_colors_info=&#8221;{}&#8221;]<\/p>\n<h6 style=\"text-align: center;\">Resources<\/h6>\n<p>[\/et_pb_text][et_pb_text content_tablet=&#8221;<\/p>\n<h1 style=%22text-align: center;%22>Ways to improve performance<br \/>Through demand forecasting ?<\/h1>\n<p>&#8221; content_phone=&#8221;<\/p>\n<h1 style=%22text-align: center;%22>Ways to improve performance<br \/>Through demand forecasting ?<\/h1>\n<p>&#8221; content_last_edited=&#8221;on|tablet&#8221; admin_label=&#8221;Actualit\u00e9s&#8221; _builder_version=&#8221;4.27.4&#8243; _module_preset=&#8221;default&#8221; header_font_size_tablet=&#8221;28px&#8221; header_font_size_phone=&#8221;28px&#8221; header_font_size_last_edited=&#8221;on|desktop&#8221; global_colors_info=&#8221;{}&#8221;]<\/p>\n<h1 style=\"text-align: center;\">white papper<\/h1>\n<p>[\/et_pb_text][et_pb_text content_last_edited=&#8221;off|desktop&#8221; admin_label=&#8221;Retrouvez sur cette page toutes nos actualit\u00e9s.&#8221; _builder_version=&#8221;4.27.4&#8243; _module_preset=&#8221;default&#8221; global_colors_info=&#8221;{}&#8221;]<\/p>\n<h4 style=\"text-align: center;\">Discover all our white papers right here on this page.<\/h4>\n<p>[\/et_pb_text][\/et_pb_column][\/et_pb_row][\/et_pb_section][et_pb_section fb_built=&#8221;1&#8243; admin_label=&#8221;About&#8221; _builder_version=&#8221;4.16&#8243; _module_preset=&#8221;default&#8221; custom_padding=&#8221;||0vw||false|false&#8221; global_colors_info=&#8221;{}&#8221;][et_pb_row column_structure=&#8221;1_2,1_2&#8243; disabled_on=&#8221;off|off|off&#8221; module_id=&#8221;section&#8221; module_class=&#8221;black&#8221; _builder_version=&#8221;4.19.4&#8243; _module_preset=&#8221;default&#8221; border_width_bottom=&#8221;1px&#8221; border_color_bottom=&#8221;rgba(5,6,13,0.27)&#8221; global_colors_info=&#8221;{}&#8221;][et_pb_column type=&#8221;1_2&#8243; _builder_version=&#8221;4.16&#8243; _module_preset=&#8221;default&#8221; global_colors_info=&#8221;{}&#8221;][et_pb_text _builder_version=&#8221;4.19.4&#8243; _dynamic_attributes=&#8221;link_option_url&#8221; _module_preset=&#8221;41d5859c-fbaa-458a-88e4-5d886857f235&#8243; text_font=&#8221;||||||||&#8221; text_line_height=&#8221;1.8em&#8221; link_option_url=&#8221;@ET-DC@eyJkeW5hbWljIjp0cnVlLCJjb250ZW50IjoicG9zdF9saW5rX3VybF9wYWdlIiwic2V0dGluZ3MiOnsicG9zdF9pZCI6IjQ3ODUiLCJlbmFibGVfaHRtbCI6Im9mZiJ9fQ==@&#8221; text_font_size_tablet=&#8221;16px&#8221; text_font_size_phone=&#8221;13px&#8221; text_font_size_last_edited=&#8221;on|phone&#8221; locked=&#8221;off&#8221; global_colors_info=&#8221;{}&#8221;]<\/p>\n<h3 style=\"text-align: center;\"><strong><span style=\"color: #ef9444;\">AI at the core of the agrifood industry<\/span><\/strong><\/h3>\n<p style=\"text-align: center;\">How to improve performance with demand forecasting?<\/p>\n<p style=\"text-align: center;\">\n<p style=\"text-align: center;\">The agrifood sector is facing numerous challenges related to the complexity of consumer trends, fluctuations in raw materials, the digital transformation of companies, and socio-economic and environmental issues.<\/p>\n<p>[\/et_pb_text][\/et_pb_column][et_pb_column type=&#8221;1_2&#8243; _builder_version=&#8221;4.16&#8243; _module_preset=&#8221;default&#8221; global_colors_info=&#8221;{}&#8221;][et_pb_image src=&#8221;https:\/\/www.rman-sync.com\/wp-content\/uploads\/2025\/12\/white-paper-agrifood.webp&#8221; alt=&#8221;AI Agrifood&#8221; title_text=&#8221;white-paper-agrifood&#8221; url=&#8221;@ET-DC@eyJkeW5hbWljIjp0cnVlLCJjb250ZW50IjoicG9zdF9saW5rX3VybF9wYWdlIiwic2V0dGluZ3MiOnsicG9zdF9pZCI6IjQ3ODUiLCJlbmFibGVfaHRtbCI6Im9mZiJ9fQ==@&#8221; url_new_window=&#8221;on&#8221; _builder_version=&#8221;4.27.5&#8243; _dynamic_attributes=&#8221;url&#8221; _module_preset=&#8221;default&#8221; border_radii=&#8221;on|15px|15px|15px|15px&#8221; box_shadow_style=&#8221;preset6&#8243; global_colors_info=&#8221;{}&#8221;][\/et_pb_image][\/et_pb_column][\/et_pb_row][et_pb_row column_structure=&#8221;1_2,1_2&#8243; disabled_on=&#8221;off|off|off&#8221; module_id=&#8221;section&#8221; module_class=&#8221;black&#8221; _builder_version=&#8221;4.19.4&#8243; _module_preset=&#8221;default&#8221; border_width_bottom=&#8221;1px&#8221; border_color_bottom=&#8221;rgba(5,6,13,0.27)&#8221; global_colors_info=&#8221;{}&#8221;][et_pb_column type=&#8221;1_2&#8243; _builder_version=&#8221;4.16&#8243; _module_preset=&#8221;default&#8221; global_colors_info=&#8221;{}&#8221;][et_pb_text _builder_version=&#8221;4.19.4&#8243; _dynamic_attributes=&#8221;link_option_url&#8221; _module_preset=&#8221;41d5859c-fbaa-458a-88e4-5d886857f235&#8243; text_font=&#8221;||||||||&#8221; text_line_height=&#8221;1.8em&#8221; link_option_url=&#8221;@ET-DC@eyJkeW5hbWljIjp0cnVlLCJjb250ZW50IjoicG9zdF9saW5rX3VybF9wYWdlIiwic2V0dGluZ3MiOnsicG9zdF9pZCI6IjM0NTAiLCJlbmFibGVfaHRtbCI6Im9mZiJ9fQ==@&#8221; text_font_size_tablet=&#8221;16px&#8221; text_font_size_phone=&#8221;13px&#8221; text_font_size_last_edited=&#8221;on|phone&#8221; locked=&#8221;off&#8221; global_colors_info=&#8221;{}&#8221;]<\/p>\n<h3 style=\"text-align: center;\"><strong><span style=\"color: #ef9444;\">Improving Procurement Management with AI: Challenges and Solutions<\/span><\/strong><\/h3>\n<p style=\"text-align: center;\">How will artificial intelligence change the way you manage your procurement?<\/p>\n<p style=\"text-align: center;\">Discover how smart digital transformation can radically reshape your procurement approach Our white paper addresses the key aspects for Procurement Directors and Purchasing Managers.<\/p>\n<p>[\/et_pb_text][\/et_pb_column][et_pb_column type=&#8221;1_2&#8243; _builder_version=&#8221;4.16&#8243; _module_preset=&#8221;default&#8221; global_colors_info=&#8221;{}&#8221;][et_pb_image src=&#8221;https:\/\/www.rman-sync.com\/wp-content\/uploads\/2025\/12\/white-paper-procurement.webp&#8221; alt=&#8221;White Paper: Improving Procurement Management with AI \u2014 Challenges and Solutions by RMAN Sync&#8221; title_text=&#8221;white-paper-procurement&#8221; url=&#8221;@ET-DC@eyJkeW5hbWljIjp0cnVlLCJjb250ZW50IjoicG9zdF9saW5rX3VybF9wYWdlIiwic2V0dGluZ3MiOnsicG9zdF9pZCI6IjM0NTAiLCJlbmFibGVfaHRtbCI6Im9mZiJ9fQ==@&#8221; url_new_window=&#8221;on&#8221; _builder_version=&#8221;4.27.5&#8243; _dynamic_attributes=&#8221;url&#8221; _module_preset=&#8221;default&#8221; border_radii=&#8221;on|15px|15px|15px|15px&#8221; box_shadow_style=&#8221;preset6&#8243; global_colors_info=&#8221;{}&#8221;][\/et_pb_image][\/et_pb_column][\/et_pb_row][et_pb_row column_structure=&#8221;1_2,1_2&#8243; disabled_on=&#8221;off|off|off&#8221; module_id=&#8221;section&#8221; module_class=&#8221;black&#8221; _builder_version=&#8221;4.19.4&#8243; _module_preset=&#8221;default&#8221; border_width_bottom=&#8221;1px&#8221; border_color_bottom=&#8221;rgba(5,6,13,0.27)&#8221; global_colors_info=&#8221;{}&#8221;][et_pb_column type=&#8221;1_2&#8243; _builder_version=&#8221;4.16&#8243; _module_preset=&#8221;default&#8221; global_colors_info=&#8221;{}&#8221;][et_pb_text _builder_version=&#8221;4.19.4&#8243; _dynamic_attributes=&#8221;link_option_url&#8221; _module_preset=&#8221;41d5859c-fbaa-458a-88e4-5d886857f235&#8243; text_font=&#8221;||||||||&#8221; text_line_height=&#8221;1.8em&#8221; link_option_url=&#8221;@ET-DC@eyJkeW5hbWljIjp0cnVlLCJjb250ZW50IjoicG9zdF9saW5rX3VybF9wYWdlIiwic2V0dGluZ3MiOnsicG9zdF9pZCI6IjM0MDIiLCJlbmFibGVfaHRtbCI6Im9mZiJ9fQ==@&#8221; text_font_size_tablet=&#8221;16px&#8221; text_font_size_phone=&#8221;13px&#8221; text_font_size_last_edited=&#8221;on|phone&#8221; locked=&#8221;off&#8221; global_colors_info=&#8221;{}&#8221;]<\/p>\n<h3 style=\"text-align: center;\"><strong><span style=\"color: #ef9444;\">Artificial Intelligence, the Game Changer for Your Supply Chain<\/span><\/strong><\/h3>\n<p style=\"text-align: center;\">How will artificial intelligence change the way you drive your supply chain?<\/p>\n<p style=\"text-align: center;\">AI will solve many supply chain management challenges by providing advanced capabilities such as demand forecasting, supply chain management, supplier analysis, cost optimization, and carbon footprint reduction.<\/p>\n<p>[\/et_pb_text][\/et_pb_column][et_pb_column type=&#8221;1_2&#8243; _builder_version=&#8221;4.16&#8243; _module_preset=&#8221;default&#8221; global_colors_info=&#8221;{}&#8221;][et_pb_image src=&#8221;https:\/\/www.rman-sync.com\/wp-content\/uploads\/2025\/12\/white-paper-supply.webp&#8221; alt=&#8221;White Paper: AI, the Game Changer for Your Supply Chain&#8221; title_text=&#8221;white-paper-supply&#8221; url=&#8221;@ET-DC@eyJkeW5hbWljIjp0cnVlLCJjb250ZW50IjoicG9zdF9saW5rX3VybF9wYWdlIiwic2V0dGluZ3MiOnsicG9zdF9pZCI6IjM0MDIiLCJlbmFibGVfaHRtbCI6Im9mZiJ9fQ==@&#8221; url_new_window=&#8221;on&#8221; _builder_version=&#8221;4.27.5&#8243; _dynamic_attributes=&#8221;url&#8221; _module_preset=&#8221;default&#8221; border_radii=&#8221;on|15px|15px|15px|15px&#8221; box_shadow_style=&#8221;preset6&#8243; global_colors_info=&#8221;{}&#8221;][\/et_pb_image][\/et_pb_column][\/et_pb_row][\/et_pb_section][et_pb_section fb_built=&#8221;1&#8243; disabled_on=&#8221;off|off|off&#8221; admin_label=&#8221;Section Qui somme nous&#8221; _builder_version=&#8221;4.27.5&#8243; _module_preset=&#8221;default&#8221; use_background_color_gradient=&#8221;on&#8221; background_color_gradient_stops=&#8221;#0d1f31 0%|#050508 100%&#8221; background_image=&#8221;https:\/\/www.rman-sync.com\/wp-content\/uploads\/2026\/01\/RMAN-Sync-dots-bg-black.webp&#8221; background_size=&#8221;contain&#8221; height=&#8221;650px&#8221; height_tablet=&#8221;&#8221; height_phone=&#8221;&#8221; height_last_edited=&#8221;on|tablet&#8221; max_height=&#8221;1100px&#8221; overflow-y=&#8221;hidden&#8221; custom_margin=&#8221;||||false|false&#8221; custom_padding=&#8221;||||false|false&#8221; custom_css_free_form=&#8221;\/* Mode T\u00e9l\u00e9phone &#038; tablette *\/||@media (max-width: 980px) {||.et_pb_column_11 {||  order: 3;||}||||.et_pb_column_12 {||  order: 1;||}||||.et_pb_column_13 {||  order: 2;||}||||.et_pb_row {||  display: flex;||  flex-direction: column;||}||||}&#8221; global_module=&#8221;21205&#8243; saved_tabs=&#8221;all&#8221; locked=&#8221;off&#8221; global_colors_info=&#8221;{}&#8221;][et_pb_row column_structure=&#8221;1_3,1_3,1_3&#8243; use_custom_gutter=&#8221;on&#8221; _builder_version=&#8221;4.27.5&#8243; _module_preset=&#8221;default&#8221; custom_margin=&#8221;|auto||auto|false|false&#8221; global_colors_info=&#8221;{}&#8221;][et_pb_column type=&#8221;1_3&#8243; _builder_version=&#8221;4.27.5&#8243; _module_preset=&#8221;default&#8221; global_colors_info=&#8221;{}&#8221;][et_pb_image src=&#8221;https:\/\/www.rman-sync.com\/wp-content\/uploads\/2025\/10\/Rman-contact.webp&#8221; title_text=&#8221;Rman-contact&#8221; align=&#8221;center&#8221; module_class=&#8221;halos halo-1&#8243; _builder_version=&#8221;4.27.5&#8243; _module_preset=&#8221;default&#8221; module_alignment=&#8221;center&#8221; max_height=&#8221;450px&#8221; custom_css_before=&#8221;top: 5rem;||left: 5rem;&#8221; global_colors_info=&#8221;{}&#8221;][\/et_pb_image][\/et_pb_column][et_pb_column type=&#8221;1_3&#8243; _builder_version=&#8221;4.27.5&#8243; _module_preset=&#8221;default&#8221; global_colors_info=&#8221;{}&#8221;][et_pb_text _builder_version=&#8221;4.27.5&#8243; _module_preset=&#8221;default&#8221; header_3_text_color=&#8221;#F79145&#8243; module_alignment=&#8221;left&#8221; global_colors_info=&#8221;{}&#8221;]<\/p>\n<h3 style=\"text-align: left;\">WHO WE ARE<\/h3>\n<p style=\"text-align: left;\"><strong>RMAN <\/strong>Sync is a <strong>Deeptech-labeled<\/strong> startup We are convinced that <strong>AI is the key to reducing companies&#8217; carbon<\/strong> emissions generated across <strong>procurement and supply processes.<\/strong><\/p>\n<p>[\/et_pb_text][et_pb_text _builder_version=&#8221;4.27.5&#8243; _module_preset=&#8221;5ff55506-da7d-4dd7-b409-9d62c7203201&#8243; text_font=&#8221;|300|||||||&#8221; header_3_font=&#8221;|700||on|||||&#8221; header_3_text_color=&#8221;#F79145&#8243; custom_padding=&#8221;|||2px||&#8221; text_font_size_tablet=&#8221;15px&#8221; text_font_size_phone=&#8221;14px&#8221; text_font_size_last_edited=&#8221;on|phone&#8221; header_font_size_tablet=&#8221;55px&#8221; header_font_size_last_edited=&#8221;off|desktop&#8221; custom_css_free_form=&#8221;li {||  margin-bottom:.75rem;||}&#8221; global_colors_info=&#8221;{}&#8221;]<\/p>\n<h3 style=\"text-align: justify;\">Renovation in three key points<\/h3>\n<ul>\n<li><strong>Align your purchasing <\/strong>and procurement strategies through better demand forecasting.&gt;<\/li>\n<li>Place the <strong>right order<\/strong> at the<strong> right time<\/strong> and at the right price, powered by our optimization engine.<\/li>\n<li><strong>Centralize <\/strong>your information in an ergonomic interface tailored to your <strong>business needs.<\/strong><\/li>\n<\/ul>\n<p>[\/et_pb_text][\/et_pb_column][et_pb_column type=&#8221;1_3&#8243; _builder_version=&#8221;4.27.5&#8243; _module_preset=&#8221;default&#8221; global_colors_info=&#8221;{}&#8221;][et_pb_text disabled_on=&#8221;off|off|off&#8221; _builder_version=&#8221;4.27.5&#8243; _module_preset=&#8221;41d5859c-fbaa-458a-88e4-5d886857f235&#8243; text_font=&#8221;|300|||||||&#8221; text_text_color=&#8221;rgba(255,255,255,0.6)&#8221; background_enable_color=&#8221;off&#8221; custom_padding=&#8221;||||true|false&#8221; text_font_size_tablet=&#8221;16px&#8221; text_font_size_phone=&#8221;13px&#8221; text_font_size_last_edited=&#8221;on|phone&#8221; custom_css_free_form=&#8221;li {||  margin-bottom: inherit;||}&#8221; locked=&#8221;off&#8221; global_colors_info=&#8221;{}&#8221;]<\/p>\n<h3 style=\"text-align: left;\">RENOVATIO dedicated to reducing corporate carbon impact.<\/h3>\n<p style=\"text-align: left;\">You are interested in the following challenges :<\/p>\n<ul style=\"text-align: left;\">\n<li>The current complicated economic context<\/li>\n<li><strong>Reducing <\/strong>your <strong>carbon footprint<\/strong><\/li>\n<li><strong>Optimizing <\/strong>your procurement.<\/li>\n<li>The<strong> control of costs<\/strong> and margins<\/li>\n<li>Ensuring that the company&#8217;s information and <strong>strategy <\/strong>are <strong>shared<\/strong>.<\/li>\n<\/ul>\n<p style=\"text-align: left;\">To address these challenges, RMAN Sync is developing a 2SDM (Supplier and Supply Data Management) SaaS solution powered by AI to help tackle the environmental challenge.<\/p>\n<p>[\/et_pb_text][dipl_button admin_label=&#8221;Boutons&#8221; _builder_version=&#8221;4.27.5&#8243; _module_preset=&#8221;bc0b0fab-bd23-45c3-81ab-73b666ca5cd1&#8243; saved_tabs=&#8221;all&#8221; global_colors_info=&#8221;{}&#8221;][dipl_button_item button_text=&#8221;Contact us&#8221; button_url=&#8221;#pop-contact&#8221; button_class=&#8221;contact&#8221; _builder_version=&#8221;4.27.5&#8243; _module_preset=&#8221;default&#8221; global_colors_info=&#8221;{}&#8221;][\/dipl_button_item][\/dipl_button][\/et_pb_column][\/et_pb_row][\/et_pb_section]<\/p>\n","protected":false},"excerpt":{"rendered":"<p>Resourceswhite papperDiscover all our white papers right here on this page.AI at the core of the agrifood industry How to improve performance with demand forecasting? The agrifood sector is facing numerous challenges related to the complexity of consumer trends, fluctuations in raw materials, the digital transformation of companies, and socio-economic and environmental issues.Improving Procurement Management [&hellip;]<\/p>\n","protected":false},"author":5,"featured_media":0,"parent":0,"menu_order":0,"comment_status":"closed","ping_status":"closed","template":"","meta":{"_et_pb_use_builder":"on","_et_pb_old_content":"","_et_gb_content_width":"","inline_featured_image":false,"footnotes":""},"class_list":["post-20954","page","type-page","status-publish","hentry"],"yoast_head":"<!-- This site is optimized with the Yoast SEO plugin v27.4 - https:\/\/yoast.com\/product\/yoast-seo-wordpress\/ -->\n<title>white paper - RMAN Sync<\/title>\n<meta name=\"description\" content=\"Retrouve tous les livres blancs de RMAN Sync sur les sujets de l&#039;IA, de l&#039;achat, de la supply chain, des appros, de la pr\u00e9vision de la demande\" \/>\n<meta name=\"robots\" content=\"index, follow, max-snippet:-1, max-image-preview:large, max-video-preview:-1\" \/>\n<link rel=\"canonical\" href=\"https:\/\/www.rman-sync.com\/en\/white-papers\/\" \/>\n<meta property=\"og:locale\" content=\"en_US\" \/>\n<meta property=\"og:type\" content=\"article\" \/>\n<meta property=\"og:title\" content=\"white paper - RMAN Sync\" \/>\n<meta property=\"og:description\" content=\"Retrouve tous les livres blancs de RMAN Sync sur les sujets de l&#039;IA, de l&#039;achat, de la supply chain, des appros, de la pr\u00e9vision de la demande\" \/>\n<meta property=\"og:url\" content=\"https:\/\/www.rman-sync.com\/en\/white-papers\/\" \/>\n<meta property=\"og:site_name\" content=\"RMAN Sync\" \/>\n<meta property=\"article:modified_time\" content=\"2026-02-06T11:31:24+00:00\" \/>\n<meta name=\"twitter:card\" content=\"summary_large_image\" \/>\n<meta name=\"twitter:label1\" content=\"Est. reading time\" \/>\n\t<meta name=\"twitter:data1\" content=\"3 minutes\" \/>\n<script type=\"application\/ld+json\" class=\"yoast-schema-graph\">{\"@context\":\"https:\\\/\\\/schema.org\",\"@graph\":[{\"@type\":\"WebPage\",\"@id\":\"https:\\\/\\\/www.rman-sync.com\\\/en\\\/white-papers\\\/\",\"url\":\"https:\\\/\\\/www.rman-sync.com\\\/en\\\/white-papers\\\/\",\"name\":\"white paper - RMAN Sync\",\"isPartOf\":{\"@id\":\"https:\\\/\\\/www.rman-sync.com\\\/en\\\/#website\"},\"datePublished\":\"2024-04-02T10:38:23+00:00\",\"dateModified\":\"2026-02-06T11:31:24+00:00\",\"description\":\"Retrouve tous les livres blancs de RMAN Sync sur les sujets de l'IA, de l'achat, de la supply chain, des appros, de la pr\u00e9vision de la demande\",\"breadcrumb\":{\"@id\":\"https:\\\/\\\/www.rman-sync.com\\\/en\\\/white-papers\\\/#breadcrumb\"},\"inLanguage\":\"en-US\",\"potentialAction\":[{\"@type\":\"ReadAction\",\"target\":[\"https:\\\/\\\/www.rman-sync.com\\\/en\\\/white-papers\\\/\"]}]},{\"@type\":\"BreadcrumbList\",\"@id\":\"https:\\\/\\\/www.rman-sync.com\\\/en\\\/white-papers\\\/#breadcrumb\",\"itemListElement\":[{\"@type\":\"ListItem\",\"position\":1,\"name\":\"Accueil\",\"item\":\"https:\\\/\\\/www.rman-sync.com\\\/en\\\/\"},{\"@type\":\"ListItem\",\"position\":2,\"name\":\"white paper\"}]},{\"@type\":\"WebSite\",\"@id\":\"https:\\\/\\\/www.rman-sync.com\\\/en\\\/#website\",\"url\":\"https:\\\/\\\/www.rman-sync.com\\\/en\\\/\",\"name\":\"RMAN Sync\",\"description\":\"L&#039;entreprise Deeptech sp\u00e9cialis\u00e9e en intelligence artificielle, ayant pour but de d\u00e9carboner et d&#039;optimiser la Supply Chain des entreprises.\",\"publisher\":{\"@id\":\"https:\\\/\\\/www.rman-sync.com\\\/en\\\/#organization\"},\"potentialAction\":[{\"@type\":\"SearchAction\",\"target\":{\"@type\":\"EntryPoint\",\"urlTemplate\":\"https:\\\/\\\/www.rman-sync.com\\\/en\\\/?s={search_term_string}\"},\"query-input\":{\"@type\":\"PropertyValueSpecification\",\"valueRequired\":true,\"valueName\":\"search_term_string\"}}],\"inLanguage\":\"en-US\"},{\"@type\":\"Organization\",\"@id\":\"https:\\\/\\\/www.rman-sync.com\\\/en\\\/#organization\",\"name\":\"RMAN-Sync\",\"url\":\"https:\\\/\\\/www.rman-sync.com\\\/en\\\/\",\"logo\":{\"@type\":\"ImageObject\",\"inLanguage\":\"en-US\",\"@id\":\"https:\\\/\\\/www.rman-sync.com\\\/en\\\/#\\\/schema\\\/logo\\\/image\\\/\",\"url\":\"https:\\\/\\\/www.rman-sync.com\\\/wp-content\\\/uploads\\\/2025\\\/06\\\/LOGO_RMAN_VF_Vertical_Couleurs_RVB.svg\",\"contentUrl\":\"https:\\\/\\\/www.rman-sync.com\\\/wp-content\\\/uploads\\\/2025\\\/06\\\/LOGO_RMAN_VF_Vertical_Couleurs_RVB.svg\",\"width\":100,\"height\":100,\"caption\":\"RMAN-Sync\"},\"image\":{\"@id\":\"https:\\\/\\\/www.rman-sync.com\\\/en\\\/#\\\/schema\\\/logo\\\/image\\\/\"},\"sameAs\":[\"https:\\\/\\\/fr.linkedin.com\\\/company\\\/rman-sync\"]}]}<\/script>\n<!-- \/ Yoast SEO plugin. -->","yoast_head_json":{"title":"white paper - RMAN Sync","description":"Retrouve tous les livres blancs de RMAN Sync sur les sujets de l'IA, de l'achat, de la supply chain, des appros, de la pr\u00e9vision de la demande","robots":{"index":"index","follow":"follow","max-snippet":"max-snippet:-1","max-image-preview":"max-image-preview:large","max-video-preview":"max-video-preview:-1"},"canonical":"https:\/\/www.rman-sync.com\/en\/white-papers\/","og_locale":"en_US","og_type":"article","og_title":"white paper - RMAN Sync","og_description":"Retrouve tous les livres blancs de RMAN Sync sur les sujets de l'IA, de l'achat, de la supply chain, des appros, de la pr\u00e9vision de la demande","og_url":"https:\/\/www.rman-sync.com\/en\/white-papers\/","og_site_name":"RMAN Sync","article_modified_time":"2026-02-06T11:31:24+00:00","twitter_card":"summary_large_image","twitter_misc":{"Est. reading time":"3 minutes"},"schema":{"@context":"https:\/\/schema.org","@graph":[{"@type":"WebPage","@id":"https:\/\/www.rman-sync.com\/en\/white-papers\/","url":"https:\/\/www.rman-sync.com\/en\/white-papers\/","name":"white paper - RMAN Sync","isPartOf":{"@id":"https:\/\/www.rman-sync.com\/en\/#website"},"datePublished":"2024-04-02T10:38:23+00:00","dateModified":"2026-02-06T11:31:24+00:00","description":"Retrouve tous les livres blancs de RMAN Sync sur les sujets de l'IA, de l'achat, de la supply chain, des appros, de la pr\u00e9vision de la demande","breadcrumb":{"@id":"https:\/\/www.rman-sync.com\/en\/white-papers\/#breadcrumb"},"inLanguage":"en-US","potentialAction":[{"@type":"ReadAction","target":["https:\/\/www.rman-sync.com\/en\/white-papers\/"]}]},{"@type":"BreadcrumbList","@id":"https:\/\/www.rman-sync.com\/en\/white-papers\/#breadcrumb","itemListElement":[{"@type":"ListItem","position":1,"name":"Accueil","item":"https:\/\/www.rman-sync.com\/en\/"},{"@type":"ListItem","position":2,"name":"white paper"}]},{"@type":"WebSite","@id":"https:\/\/www.rman-sync.com\/en\/#website","url":"https:\/\/www.rman-sync.com\/en\/","name":"RMAN Sync","description":"L&#039;entreprise Deeptech sp\u00e9cialis\u00e9e en intelligence artificielle, ayant pour but de d\u00e9carboner et d&#039;optimiser la Supply Chain des entreprises.","publisher":{"@id":"https:\/\/www.rman-sync.com\/en\/#organization"},"potentialAction":[{"@type":"SearchAction","target":{"@type":"EntryPoint","urlTemplate":"https:\/\/www.rman-sync.com\/en\/?s={search_term_string}"},"query-input":{"@type":"PropertyValueSpecification","valueRequired":true,"valueName":"search_term_string"}}],"inLanguage":"en-US"},{"@type":"Organization","@id":"https:\/\/www.rman-sync.com\/en\/#organization","name":"RMAN-Sync","url":"https:\/\/www.rman-sync.com\/en\/","logo":{"@type":"ImageObject","inLanguage":"en-US","@id":"https:\/\/www.rman-sync.com\/en\/#\/schema\/logo\/image\/","url":"https:\/\/www.rman-sync.com\/wp-content\/uploads\/2025\/06\/LOGO_RMAN_VF_Vertical_Couleurs_RVB.svg","contentUrl":"https:\/\/www.rman-sync.com\/wp-content\/uploads\/2025\/06\/LOGO_RMAN_VF_Vertical_Couleurs_RVB.svg","width":100,"height":100,"caption":"RMAN-Sync"},"image":{"@id":"https:\/\/www.rman-sync.com\/en\/#\/schema\/logo\/image\/"},"sameAs":["https:\/\/fr.linkedin.com\/company\/rman-sync"]}]}},"_links":{"self":[{"href":"https:\/\/www.rman-sync.com\/en\/wp-json\/wp\/v2\/pages\/20954","targetHints":{"allow":["GET"]}}],"collection":[{"href":"https:\/\/www.rman-sync.com\/en\/wp-json\/wp\/v2\/pages"}],"about":[{"href":"https:\/\/www.rman-sync.com\/en\/wp-json\/wp\/v2\/types\/page"}],"author":[{"embeddable":true,"href":"https:\/\/www.rman-sync.com\/en\/wp-json\/wp\/v2\/users\/5"}],"replies":[{"embeddable":true,"href":"https:\/\/www.rman-sync.com\/en\/wp-json\/wp\/v2\/comments?post=20954"}],"version-history":[{"count":16,"href":"https:\/\/www.rman-sync.com\/en\/wp-json\/wp\/v2\/pages\/20954\/revisions"}],"predecessor-version":[{"id":24492,"href":"https:\/\/www.rman-sync.com\/en\/wp-json\/wp\/v2\/pages\/20954\/revisions\/24492"}],"wp:attachment":[{"href":"https:\/\/www.rman-sync.com\/en\/wp-json\/wp\/v2\/media?parent=20954"}],"curies":[{"name":"wp","href":"https:\/\/api.w.org\/{rel}","templated":true}]}}